{"id":421,"date":"2018-06-01T19:33:14","date_gmt":"2018-06-01T17:33:14","guid":{"rendered":"https:\/\/timstanzel.de\/?page_id=3"},"modified":"2025-10-31T15:00:17","modified_gmt":"2025-10-31T14:00:17","slug":"datenschutzerklaerung","status":"publish","type":"page","link":"https:\/\/timstanzel.de\/de\/datenschutzerklaerung\/","title":{"rendered":"Datenschutzerkl\u00e4rung"},"content":{"rendered":"<h2>Datenschutzerkl\u00e4rung<\/h2>\n<h3>Allgemeines<\/h3>\n<p>Die folgenden Datenschutzhinweise kl\u00e4ren Sie \u00fcber die Erhebung und Verarbeitung Ihrer personenbezogenen Daten bei der Nutzung dieser Website auf. Diese Datenschutzhinweise gehen dabei auch auf die Erhebung und Verarbeitung Ihrer Daten auf externen Websites oder Onlinediensten ein, die mit dieser Website verbunden sind (z.B. meine Social Media-Seiten). Die Definitionen und Beschreibungen der Datenerhebung und -verarbeitung sowie des jeweils f\u00fcr diese Datenerhebung oder -verarbeitung Verantwortlichen entsprechen den Definition in Art. 4 der Datenschutzgrundverordnung (DSGVO) mit Stand vom 25.05.2018. <\/p>\n<h3>Personenbezogene Daten<\/h3>\n<p>Unter &#8222;Personenbezogenen Daten&#8220; versteht man grunds\u00e4tzlich all jene Informationen, die dazu genutzt werden k\u00f6nnen, R\u00fcckschl\u00fcsse auf eine nat\u00fcrliche Person zu ziehen oder eine nat\u00fcrliche Person zu identifizieren. Dabei wird eine nat\u00fcrliche Person dann als identifizierbar angesehen, wenn sie mithilfe einer Kennung (z.B. eines Namens), einer Nummer, eines spezifischen Standortes einer Online-Markierung (z.B. ein Cookie) oder anderer besonderer Merkmale (z.B. physische, psychologische, genetische, wirtschaftliche, kulturelle oder soziale Merkmale) eindeutig identifiziert werden kann. <\/p>\n<h3>Verantwortlichkeit f\u00fcr den Datenschutz<\/h3>\n<p>Die f\u00fcr die Datenerhebung und Datenverarbeitung auf dieser Website datenschutzrechtlich verantwortliche Stelle ist<\/p>\n<p>Tim Stanzel<br \/>\nFriedrich-Olbricht-Damm 62, 13627 Berlin<br \/>\nTel.: +49 (0)30 265 809 03<br \/>\nEmail: <a href=\"mailto:info@timstanzel.de\">info@timstanzel.de<\/a><br \/>\n(im Folgenden kurz &#8222;ich&#8220; oder &#8222;der Betreiber&#8220;)<\/p>\n<p>F\u00fcr manche der weiter unten genannten Datenverarbeitungen sind neben dem Betreiber dieser Website auch der jeweilige Kooperationspartner datenschutzrechtlich mitverantwortlich. Sie k\u00f6nnen daher manche Rechte auch direkt gegen\u00fcber dem jeweiligen Kooperationspartner aus\u00fcben. Entsprechende Informationen dazu finden Sie an der entsprechenden Stelle dieser Datenschutzerkl\u00e4rung. <\/p>\n<h3>Web-Hoster<\/h3>\n<p>Diese Website wird auf Serversystemen der ALL-INKL.COM Neue Medien M\u00fcnnich, Hauptstra\u00dfe 68, 02742 Friedersdorf betrieben. ALL-INKL.COM verf\u00fcgt \u00fcber mehrere eigene Rechenzentren, die sich am Standort Dresden befinden. Im Rahmen meiner Zusammenarbeit mit All-Inkl.com werden keine personenbezogenen Daten \u00fcber Ihren Besuch auf dieser Website direkt an ALL-INKL.COM weitergegeben. Es kann jedoch vorkommen, dass ALL-INKL.COM, z.B. im Rahmen von Wartungsarbeiten, zumindest potenziell Zugriff auf personenbezogene Daten erlangt. Durch entsprechende Datenschutzvereinbarungen ist auch in einem solchen Fall der Schutz Ihrer personenbezogenen Daten sichergestellt.<\/p>\n<h3>Web-Dienstleister<\/h3>\n<p>Die technische und inhaltliche Betreuung dieser Website erfolgt durch <a href=\"https:\/\/sebastian-klammer.de\/\" target=\"_blank\" title=\"Webdesign Berlin Sebastian Klammer Grafikdesign\">Sebastian Klammer Grafikdesign Berlin<\/a>, K\u00e4the-Niederkirchner-Str. 28, 10407 Berlin, <a href=\"https:\/\/sebastian-klammer.de\/\" target=\"_blank\" title=\"Webdesign Berlin Sebastian Klammer Grafikdesign\">https:\/\/sebastian-klammer.de<\/a>. Im Rahmen unserer Zusammenarbeit gebe ich keine personenbezogenen Daten \u00fcber Ihren Besuch auf dieser Website an meinen Web-Dienstleister weiter. Es kann jedoch vorkommen, dass dieser im Rahmen von Wartungsarbeiten, zumindest potenziell Zugriff auf personenbezogene Daten erlangt. Durch entsprechende Datenschutzvereinbarungen ist auch in einem solchen Fall der Schutz Ihrer personenbezogenen Daten sichergestellt.<\/p>\n<h3>Art und Umfang der erfassten Daten<\/h3>\n<p>Wenn Sie auf diese Website zugreifen, werden unterschiedliche Informationen \u00fcber Ihren Besuch erfasst. Diese Informationen umfassen Nutzungsdaten wie die von Ihnen besuchten Webseiten, die von Ihnen gelesenen Inhalte, Zugriffszeiten, Ger\u00e4teinformationen, Informationen zu Ihrem Betriebssystem und Ihrem Webbrowser sowie IP-Adressen. Nutzen Sie neben dem reinen Zugriff auf diese Seiten Services wie etwa ein Kontaktformular oder eine sonstige Funktion, die die Eingabe Ihrer Daten auf dieser Website erforderlich macht, werden \u00fcber die bereits genannten Daten hinaus weitere Informationen erfasst und verarbeitet. Dazu geh\u00f6ren Bestandsdaten wie Ihr Name oder Ihre Adresse, Kontaktdaten wie Ihre Telefonnummer oder Ihre E-Mail-Adresse und Inhaltsdaten wie eingegebene Texte oder versandte Medien. <\/p>\n<h3>Automatische Datenerhebung w\u00e4hrend der Nutzung dieser Website<\/h3>\n<p><strong>Technisch erforderliche Daten<\/strong><\/p>\n<p>Wenn Sie auf diese Website zugreifen, werden durch den Betreiber und\/oder den Web Hoster automatisch Informationen allgemeiner Natur erfasst. Die Erfassung und Verarbeitung dieser Daten erfolgt auf Grundlage unseres berechtigten Interesses im Sinne des Art. 6 Abs. 1 lit. f. DSGVO. Zu den erfassten Informationen (so genannte Server-Logfiles) geh\u00f6ren die Art Ihres Webbrowsers, das verwendete Betriebssystem, der Domainname Ihres Internet Service Providers, die IP-Adresse, die Zeit und Dauer des Zugriffs, die angeforderten Seiten, die \u00fcbertragene Datenmenge und die Referrer URL der zuvor besuchten Website. Hierbei handelt es sich ausschlie\u00dflich um Informationen, die nicht genutzt werden, um R\u00fcckschl\u00fcsse auf Ihre Person zu ziehen. Diese Informationen sind technisch notwendig, um von Ihnen angeforderte Inhalte von Webseiten korrekt auszuliefern und fallen bei Nutzung des Internets zwingend an. Anonymisierte Informationen dieser Art werden ggf. statistisch ausgewertet, um diesen Internetauftritt und die dahinterstehende Technik zu optimieren. Zweck der Verarbeitung dieser Informationen sind die Zurverf\u00fcgungstellung dieses Onlineangebotes einschlie\u00dflich seiner Funktionen und Inhalte, die Reichweitenmessung des Angebotes, die Beantwortung von Anfragen und die Kommunikation mit Ihnen.<\/p>\n<p><strong>Cookies<\/strong><\/p>\n<p>Wie viele andere Webseiten verwendet auch diese Website so genannte \u201eCookies\u201c. Cookies sind kleine Textdateien, die von einem Webserver auf Ihren Computer \u00fcbertragen werden. Auf diese Weise erh\u00e4lt der Betreiber dieser Website automatisch bestimmte Daten wie z. B. IP-Adresse, verwendeter Browser, Betriebssystem \u00fcber Ihren Computer und Ihre Verbindung zum Internet. Tempor\u00e4re Cookies bzw. so genannte &#8222;Session Cookies&#8220; beinhalten Informationen, die sich auf den aktuellen Besuch dieser Website beziehen. Tempor\u00e4re Cookies werden nach Beendigung Ihres Besuches auf dieser Website bzw. beim schlie\u00dfen Ihres Browsers gel\u00f6scht. Permanente Cookies beinhalten zumeist Informationen zu Ihrem Login-Status oder zu Ihren Interessen auf dieser Website, die der Reichweitenmessung oder anderen Marketingzwecken dienen. Permanente Cookies bleiben auch nach dem Schlie\u00dfen Ihres Browsers auf Ihrem Computer gespeichert. Diese Website verwendet an sich keine permanenten Cookies. Allerdings sind auf dieser Website Dienste von Drittanbietern eingebunden \u2013 z.B. Inhalte von YouTube und Vimeo. Diese Drittanbieter speichern ebenfalls Cookies auf Ihrem Computer. Cookies k\u00f6nnen nicht verwendet werden, um Programme zu starten oder Viren auf einen Computer zu \u00fcbertragen. Anhand der in Cookies enthaltenen Informationen kann sichergestellt werden, dass Sie diese Website optimal nutzen k\u00f6nnen. Nat\u00fcrlich k\u00f6nnen Sie diese Website grunds\u00e4tzlich auch ohne Cookies betrachten. Internet-Browser sind in der Regel so eingestellt, dass sie Cookies akzeptieren. Sie k\u00f6nnen die Verwendung von Cookies jederzeit \u00fcber die Einstellungen Ihres Browsers deaktivieren. Au\u00dferdem haben Sie die M\u00f6glichkeit, bereits gespeicherte Cookies von Ihrem Computer zu l\u00f6schen. Bitte verwenden Sie die Hilfefunktionen Ihres Internetbrowsers, um zu erfahren, wie Sie Ihre Cookie-Einstellungen \u00e4ndern oder bereits gespeicherte Cookies l\u00f6schen k\u00f6nnen. Wenn Sie einen generellen Widerspruch gegen den Einsatz von Cookies zu Marketingzwecken geltend machen m\u00f6chten, k\u00f6nnen Sie dies bei verschiedenen Online-Dienstleistern tun \u2013 zum Beispiel bei <a href=\"http:\/\/www.aboutads.info\/choices\/\" target=\"_blank\" rel=\"noopener\">http:\/\/www.aboutads.info\/choices<\/a> in den USA oder <a href=\"http:\/\/www.youronlinechoices.com\" target=\"_blank\" rel=\"noopener\">http:\/\/www.youronlinechoices.com<\/a> in der EU.<\/p>\n<p>Bitte beachten Sie, dass einzelne Funktionen dieser Website m\u00f6glicherweise nicht funktionieren, wenn Sie die Verwendung von Cookies deaktiviert haben.<\/p>\n<h3>Analyse- &#038; Marketingdienste<\/h3>\n<p>Auf dieser Website sind keine Analyse- oder Marketing-Dienste wie Google Analytics oder Facebook Pixel eingebunden.<\/p>\n<h3>Einbindung von Diensten und Inhalten von Drittanbietern<\/h3>\n<p>Auf dieser Website sind Dienste von Drittanbietern eingebunden \u2013 etwa, um Audio-Inhalte darzustellen. Die Bereitstellung dieser Inhalte macht es erforderlich, Ihre IP-Adresse an den jeweiligen Drittanbieter zu \u00fcbermitteln, damit dieser die betreffenden Inhalte korrekt an Ihrem Browser ausliefern kann. Der Betreiber dieser Website ist bem\u00fcht, auf dieser Website so wenige externe Inhalte einzubinden wie m\u00f6glich und nur solche Inhalte einzubinden, deren Anbieter Ihre IP-Adresse lediglich zur Bereitstellung der angeforderten Inhalte verwenden. Es wird jedoch darauf hingewiesen, dass Drittanbieter auch so genannte &#8222;Pixel Tags&#8220; oder &#8222;Web Beacons&#8220; einsetzen k\u00f6nnen, um Informationen wie das Benutzeraufkommen auf besuchten Websites statistisch auszuwerten. Derartige Informationen werden in pseudonymer Form unter Umst\u00e4nden in Cookies auf Ihrem Computer gespeichert. Dies schlie\u00dft Informationen zu Ihrem Browser oder dem Betriebssystem Ihres Computers, Informationen zu verweisenden Websites, Besuchszeiten und -dauer sowie die auf dieser Website besuchten Seiten ein. Diese Daten k\u00f6nnen mit Informationen aus anderen Quellen verbunden werden. Wie Sie die Verwendung von Cookies unterbinden oder bereits auf Ihrem Computer gespeicherte Cookies l\u00f6schen k\u00f6nnen, entnehmen Sie bitte den Hilfe-Informationen Ihres Web-Browsers.<\/p>\n<p>Folgende Dienste bzw. Inhalte von Drittanbietern sind auf dieser Website eingebunden: <\/p>\n<p><strong>Facebook<\/strong><\/p>\n<p>Auf dieser Website befinden sich Buttons von Facebook (Facebook Ireland Ltd., 4 Grand Canal Square, Grand Canal Harbour, Dublin 2, Irland), mit deren Hilfe Sie auf mein Facebook-Profil zugreifen k\u00f6nnen. Diese Facebook Buttons sind an einem Facebook-Logo oder dem Schriftzug &#8222;Facebook&#8220; erkennbar. Die Verwendung der Facebook-Plugins erfolgt auf Grundlage besonderer Voraussetzungen zur Daten\u00fcbermittlung und -verarbeitung. Facebook ist nach dem Privacy Shield-Abkommen zertifiziert und garantiert die Einhaltung europ\u00e4ischen Datenschutzrechts. <\/p>\n<p>Wenn Sie die Facebook Buttons nutzen, um mein Facebook-Profil in Ihrem Web-Browser aufzurufen, \u00fcbermittelt Ihr Computer bestimmte Informationen \u00fcber Ihre Nutzung dieser Website an einen Server von Facebook. Aus diesen Daten lassen sich, insbesondere, wenn Sie zum Zeitpunkt der Nutzung bei Facebook angemeldet sind, Nutzungsprofile \u00fcber Ihr Online-Verhalten erstellen und Ihrem Facebook-Konto zuordnen. Facebook kann auch dann Ihre IP-Adresse erfassen und speichern, wenn Sie kein Facebook-Konto besitzen. In diesem Zusammenhang wird darauf hingewiesen, dass der Betreiber dieser Website auf Art und Umfang der Daten, die \u00fcber das Facebook-Plugin an Facebook \u00fcbermittelt werden, keinen Einfluss hat. Facebook versichert jedoch, in Deutschland nur eine anonymisierte IP-Adresse zu speichern, aus der sich keine R\u00fcckschl\u00fcsse auf Ihre Person ziehen lassen. Weitere Informationen zur Erhebung und Verarbeitung von Daten durch Facebook sowie zu Ihren Einstellungsm\u00f6glichkeiten und Widerspruchsrechten finden Sie in den Datenschutzhinweisen von Facebook unter <a href=\"https:\/\/www.facebook.com\/about\/privacy\/\" target=\"_blank\" rel=\"noopener\">https:\/\/www.facebook.com\/about\/privacy\/<\/a>. <\/p>\n<p>Wenn Sie Mitglied bei Facebook sind, jedoch nicht m\u00f6chten, dass Facebook Daten \u00fcber Ihren Besuch auf dieser Website erfasst, m\u00fcssen Sie sich vor Ihrem Besuch auf dieser Website bei Facebook ausloggen und die auf Ihrem Computer gespeicherten Cookies l\u00f6schen. Hinweise zur L\u00f6schung von Cookies entnehmen Sie bitte der Hilfe-Funktion Ihres Web-Browsers. <\/p>\n<p><strong>Instagram<\/strong><\/p>\n<p>Auf dieser Website sind Buttons von Instagram (Instagram Inc., 1601 Willow Road, Menlo Park, CA, 94025, USA) eingebunden, mit deren Hilfe Sie mein Instagram-Profil aufrufen k\u00f6nnen. Diese Buttons sind am Instagram-Logo oder an der Bezeichnung &#8222;Instagram&#8220; erkennbar. Wenn Sie die Instagram-Buttons nutzen, um mein Instagram-Profil in Ihrem Web-Browser aufzurufen, \u00fcbertr\u00e4gt Ihr Computer bestimmte Informationen \u00fcber Ihre Nutzung dieser Website an einen Server von Instagram. Wenn Sie ein Nutzerprofil bei Instagram besitzen, kann Instagram diese Informationen Ihrem Instagram-Konto zuordnen und ein Nutzungsprofil \u00fcber Ihr Online-Verhalten erstellen. Informationen \u00fcber Art und Umfang der Datenerhebung und der Datenverarbeitung durch Instagram finden Sie in der Instagram-Datenschutzerkl\u00e4rung unter <a href=\"http:\/\/instagram.com\/about\/legal\/privacy\/\" target=\"_blank\" rel=\"noopener\">http:\/\/instagram.com\/about\/legal\/privacy<\/a>.<\/p>\n<p><strong>XING<\/strong><\/p>\n<p>Auf dieser Website sind Buttons von Xing (XING AG, Dammtorstra\u00dfe 29-32, 20354 Hamburg, Deutschland) eingebunden. \u00dcber den Xing-Button k\u00f6nnen Sie auf mein Nutzerprofil bei Xing zugreifen. Die Xing-Buttons sind am Xing-Logo oder an der Bezeichnung &#8222;Xing&#8220; erkennbar. Wenn Sie den Xing Button auf dieser Website nutzen, um die URL meiner Xing-Seite in Ihrem Browser aufzurufen, \u00fcbermittelt Ihr Computer bestimmte Daten an einen Server von XING, die es XING erlauben, ein Nutzungsprofil \u00fcber Ihr Online-Verhalten zu erstellen. Informationen \u00fcber Art und Umfang der Datenerhebung und Datenverarbeitung durch XING finden Sie in der XING Datenschutzerkl\u00e4rung unter <a href=\"https:\/\/www.xing.com\/app\/share?op=data_protection\" target=\"_blank\" rel=\"noopener\">https:\/\/www.xing.com\/app\/share?op=data_protection<\/a>.<\/p>\n<p><strong>Vimeo<\/strong><\/p>\n<p>Auf dieser Website sind Videos eingebunden, die auf der Vimeo-Plattform des Anbieters Vimeo Inc., 555 West 18th Street New York, New York 10011, USA, gehostet werden. Au\u00dferdem sind auf dieser Website Vimeo-Buttons eingebunden, \u00fcber die Sie auf mein Vimeo-Profil zugreifen k\u00f6nnen. Diese Buttons sind am Vimeo-Logo oder an der Bezeichnung &#8222;Vimeo&#8220; erkennbar. Wenn Sie diese Buttons nutzen, um mein Vimeo-Profil in Ihrem Web-Browser aufzurufen, \u00fcbertr\u00e4gt Ihr Computer bestimmte Informationen \u00fcber Ihre Nutzung dieser Website an einen Server von Vimeo. Wenn Sie ein Nutzerprofil bei Vimeo besitzen, kann Vimeo diese Informationen Ihrem Vimeo-Konto zuordnen und ein Nutzungsprofil \u00fcber Ihr Online-Verhalten erstellen. Die Datenschutzerkl\u00e4rung von Vimeo finden Sie unter <a href=\"https:\/\/vimeo.com\/privacy\" target=\"_blank\" rel=\"noopener\">https:\/\/vimeo.com\/privacy<\/a>.<\/p>\n<h3>Weitergabe Ihrer Daten an Dritte<\/h3>\n<p>Eine Weitergabe Ihrer Daten an Dritte erfolgt nur, soweit dies nach europ\u00e4ischem Datenschutzrecht zul\u00e4ssig oder vorgeschrieben ist. Dies ist zum einen der Fall, wenn Sie ausdr\u00fccklich in die Weitergabe Ihrer Daten eingewilligt haben und\/oder die Weitergabe zur Vertragsdurchf\u00fchrung erforderlich ist. Eine Weitergabe Ihrer Daten ist datenschutzrechtlich ferner dann zul\u00e4ssig, wenn die Durchsetzung von Regelungen anderer Gesetze (z.B. strafrechtliche Regelungen) die Weitergabe einfordern und dieser Weitergabe aus datenschutzrechtlicher Sicht nichts entgegen steht. Ebenfalls rechtens ist die Weitergabe Ihrer Daten dann, wenn seitens des Betreibers ein berechtigtes Interesse an der Weitergabe der entsprechenden Informationen besteht (etwa bei einer Auftragsvergabe an Dritte, beim Einsatz eines Beauftragten oder gegen\u00fcber einem Web Hoster). Die Weitergabe Ihrer Daten im Rahmen eines Auftragsverarbeitungsvertrages erfolgt ausschlie\u00dflich auf Grundlage des Art. 28 DSGVO. <\/p>\n<h3>Ihre Rechte als betroffene Person<\/h3>\n<p>An dieser Stelle m\u00f6chte ich Sie kurz \u00fcber die Datenschutzrechte informieren, die Sie dem Betreiber dieser Website gegen\u00fcber aus\u00fcben k\u00f6nnen.<\/p>\n<p><strong>Auskunftsrecht \/ Berichtigungsrecht<\/strong><\/p>\n<p>Sie haben das Recht, jederzeit Auskunft \u00fcber Ihre bei mir gespeicherten personenbezogenen Daten zu erhalten oder Kopien dieser Daten anzufordern. Bitte schicken Sie hierzu eine E-Mail\u00a0an <a href=\"mailto:info@timstanzel.de\">info@timstanzel.de<\/a>. Der Betreiber dieser Website darf ausschlie\u00dflich zutreffende Daten zu Ihrer Person verarbeiten. Falls Sie \u2013 zum Beispiel durch Wahrnehmung Ihres Auskunftsrechts \u2013 feststellen sollten, dass ein Datum \u00fcber Sie unzutreffend oder unvollst\u00e4ndig ist bzw. unzutreffend\/unvollst\u00e4ndig geworden ist, ist der Betreiber grunds\u00e4tzlich verpflichtet, es umgehend zu korrigieren.<\/p>\n<p><strong>L\u00f6schungsrecht \/ Sperrungsrecht<\/strong><\/p>\n<p>Der Betreiber dieser Website verarbeitet Ihre Daten nur zu den in dieser Datenschutzerkl\u00e4rung genannten Zwecken. Grunds\u00e4tzlich werden diese Daten zun\u00e4chst nur zur Abwicklung der von Ihnen gew\u00fcnschten Datenverarbeitung (z.B. Bearbeitung Ihrer Nachricht, Pr\u00fcfung Ihres Anliegens) ben\u00f6tigt. In einigen F\u00e4llen ist der Betreiber ggf. gesetzlich verpflichtet, Ihre Daten f\u00fcr einen bestimmten Zeitraum aufzubewahren. Sofern Ihre Daten w\u00e4hrend dieses Zeitraums nicht ben\u00f6tigt werden, werden wir sie sperren. Sie haben allerdings das Recht, die sofortige L\u00f6schung Ihrer Daten zu verlangen oder aber eine Einschr\u00e4nkung der Verarbeitung Ihrer Daten einzufordern. Au\u00dferdem haben Sie das Recht, die vom Betreiber dieser Website \u00fcber Sie gespeicherten Daten vor ihrer L\u00f6schung sich selbst oder einem anderen Verantwortlichen \u00fcbermitteln zu lassen.<\/p>\n<p><strong>Widerspruchsrecht \/ Widerrufsrecht<\/strong><\/p>\n<p>Soweit Ihnen hinsichtlich der in dieser Datenschutzerkl\u00e4rung beschriebenen Datenverarbeitungen ein gesetzliches Widerspruchsrecht zusteht, werden Sie an der entsprechenden Stelle darauf hingewiesen. Sie haben an den entsprechenden Stellen auch die M\u00f6glichkeit, Ihren Widerspruch auszu\u00fcben. Dar\u00fcber hinaus haben Sie das Recht, bereits erteilte Einwilligungen zur Erfassung oder Verarbeitung Ihrer Daten mit Wirkung f\u00fcr die Zukunft zu widerrufen oder der k\u00fcnftigen Erfassung und Verarbeitung Ihrer personenbezogenen Daten bereits im Vorfeld jederzeit zu widersprechen. Dieser Widerspruch kann insbesondere dann erfolgen, wenn die Verarbeitung Ihrer Daten dem Zweck der Direktwerbung dient.<\/p>\n<p>Sollten Sie mit unserem Umgang mit Ihren personenbezogenen Daten nicht einverstanden sein, k\u00f6nnen Sie eine entsprechende Beschwerde bei der zust\u00e4ndigen Aufsichtsbeh\u00f6rde einreichen.<\/p>\n<h3>\u00c4nderung der Datenschutzhinweise<\/h3>\n<p>Der Betreiber dieser Website beh\u00e4lt sich vor, Teile dieser Datenschutzerkl\u00e4rung gelegentlich anzupassen, damit sie stets den aktuellen rechtlichen Anforderungen entsprechen. F\u00fcr Ihren erneuten Besuch gilt dann die neue Datenschutzerkl\u00e4rung. Soweit f\u00fcr die Einf\u00fchrung eines neuen Dienstes Ihre vorherige Zustimmung erforderlich ist, werden Sie rechtzeitig entsprechend informiert und um Ihre Einwilligung gebeten. Diese Datenschutzerkl\u00e4rung datiert auf den 31.10.2025.<\/p>\n","protected":false},"excerpt":{"rendered":"<p>Datenschutzerkl\u00e4rung Allgemeines Die folgenden Datenschutzhinweise kl\u00e4ren Sie \u00fcber die Erhebung und Verarbeitung Ihrer personenbezogenen Daten bei der Nutzung dieser Website auf. Diese Datenschutzhinweise gehen dabei auch auf die Erhebung und Verarbeitung Ihrer Daten auf externen Websites oder Onlinediensten ein, die mit dieser Website verbunden sind (z.B. meine Social Media-Seiten). Die Definitionen und Beschreibungen der Datenerhebung [&hellip;]<\/p>\n","protected":false},"author":1,"featured_media":0,"parent":0,"menu_order":0,"comment_status":"closed","ping_status":"open","template":"","meta":{"_acf_changed":false,"footnotes":""},"class_list":["post-421","page","type-page","status-publish","hentry"],"acf":[],"_links":{"self":[{"href":"https:\/\/timstanzel.de\/de\/wp-json\/wp\/v2\/pages\/421","targetHints":{"allow":["GET"]}}],"collection":[{"href":"https:\/\/timstanzel.de\/de\/wp-json\/wp\/v2\/pages"}],"about":[{"href":"https:\/\/timstanzel.de\/de\/wp-json\/wp\/v2\/types\/page"}],"author":[{"embeddable":true,"href":"https:\/\/timstanzel.de\/de\/wp-json\/wp\/v2\/users\/1"}],"replies":[{"embeddable":true,"href":"https:\/\/timstanzel.de\/de\/wp-json\/wp\/v2\/comments?post=421"}],"version-history":[{"count":2,"href":"https:\/\/timstanzel.de\/de\/wp-json\/wp\/v2\/pages\/421\/revisions"}],"predecessor-version":[{"id":807,"href":"https:\/\/timstanzel.de\/de\/wp-json\/wp\/v2\/pages\/421\/revisions\/807"}],"wp:attachment":[{"href":"https:\/\/timstanzel.de\/de\/wp-json\/wp\/v2\/media?parent=421"}],"curies":[{"name":"wp","href":"https:\/\/api.w.org\/{rel}","templated":true}]}}