{"id":7,"date":"2018-06-01T21:54:30","date_gmt":"2018-06-01T19:54:30","guid":{"rendered":"https:\/\/timstanzel.de\/?page_id=7"},"modified":"2018-09-01T07:53:21","modified_gmt":"2018-09-01T05:53:21","slug":"profil","status":"publish","type":"page","link":"https:\/\/timstanzel.de\/de\/profil\/","title":{"rendered":"Profil"},"content":{"rendered":"<h1 style=\"text-align: center;\">Was ich mache.<\/h1>\n<p>Ich bin unabh\u00e4ngiger Komponist und Musikproduzent und schreibe Musik f\u00fcr Film- und Fernsehproduktionen, f\u00fcr Produkt- und Markenwerbung sowie f\u00fcr alle Arten audiovisueller Projekte. F\u00fcr mich spielt Musik eine entscheidende Rolle, wenn es darum geht, die richtige Atmosph\u00e4re zu erschaffen, Aufmerksamkeit zu erzeugen \u2013 und Ihre Botschaft zu unterstreichen. Musik ist mehr als das, was wir h\u00f6ren. Es beeinflusst, wie wir f\u00fchlen \u2013 und manchmal bleibt sie f\u00fcr immer in unserem Kopf.<\/p>\n","protected":false},"excerpt":{"rendered":"<p>Was ich mache. Ich bin unabh\u00e4ngiger Komponist und Musikproduzent und schreibe Musik f\u00fcr Film- und Fernsehproduktionen, f\u00fcr Produkt- und Markenwerbung sowie f\u00fcr alle Arten audiovisueller Projekte. F\u00fcr mich spielt Musik eine entscheidende Rolle, wenn es darum geht, die richtige Atmosph\u00e4re zu erschaffen, Aufmerksamkeit zu erzeugen \u2013 und Ihre Botschaft zu unterstreichen. Musik ist mehr als [&hellip;]<\/p>\n","protected":false},"author":1,"featured_media":602,"parent":0,"menu_order":0,"comment_status":"closed","ping_status":"closed","template":"","meta":{"_acf_changed":false,"footnotes":""},"class_list":["post-7","page","type-page","status-publish","has-post-thumbnail","hentry"],"acf":[],"_links":{"self":[{"href":"https:\/\/timstanzel.de\/de\/wp-json\/wp\/v2\/pages\/7","targetHints":{"allow":["GET"]}}],"collection":[{"href":"https:\/\/timstanzel.de\/de\/wp-json\/wp\/v2\/pages"}],"about":[{"href":"https:\/\/timstanzel.de\/de\/wp-json\/wp\/v2\/types\/page"}],"author":[{"embeddable":true,"href":"https:\/\/timstanzel.de\/de\/wp-json\/wp\/v2\/users\/1"}],"replies":[{"embeddable":true,"href":"https:\/\/timstanzel.de\/de\/wp-json\/wp\/v2\/comments?post=7"}],"version-history":[{"count":0,"href":"https:\/\/timstanzel.de\/de\/wp-json\/wp\/v2\/pages\/7\/revisions"}],"wp:featuredmedia":[{"embeddable":true,"href":"https:\/\/timstanzel.de\/de\/wp-json\/wp\/v2\/media\/602"}],"wp:attachment":[{"href":"https:\/\/timstanzel.de\/de\/wp-json\/wp\/v2\/media?parent=7"}],"curies":[{"name":"wp","href":"https:\/\/api.w.org\/{rel}","templated":true}]}}